{"id":9,"date":"2023-10-24T15:49:15","date_gmt":"2023-10-24T15:49:15","guid":{"rendered":"https:\/\/valentinsaenger.de\/?page_id=9"},"modified":"2026-02-03T18:18:44","modified_gmt":"2026-02-03T18:18:44","slug":"startseite","status":"publish","type":"page","link":"https:\/\/valentinsaenger.de\/","title":{"rendered":"Die Valentin S\u00e4nger"},"content":{"rendered":"\n<p class=\"has-text-align-left\">als Lehrer*innen- und Elternchor der Valentin-Senger-Schule in Frankfurt Bornheim gestartet, hat sich der Chor mittlerweile allen ge\u00f6ffnet, die gerne singen. Derzeit z\u00e4hlt er 25 Mitglieder. Zur Er\u00f6ffnung des Platzes an der Friedberger Warte am 22. August 2017 gab der Chor sein Debut und tritt seitdem regelm\u00e4\u00dfig im Raum Frankfurt auf.&nbsp;<\/p>\n\n\n<div class=\"is-default-size aligncenter wp-block-site-logo\"><a href=\"https:\/\/valentinsaenger.de\/\" class=\"custom-logo-link\" rel=\"home\"><img loading=\"lazy\" decoding=\"async\" width=\"512\" height=\"512\" src=\"https:\/\/valentinsaenger.de\/wp-content\/uploads\/2024\/09\/cropped-Logo_Chor-3.png\" class=\"custom-logo\" alt=\"Die Valentin S\u00e4nger\" srcset=\"https:\/\/valentinsaenger.de\/wp-content\/uploads\/2024\/09\/cropped-Logo_Chor-3.png 512w, https:\/\/valentinsaenger.de\/wp-content\/uploads\/2024\/09\/cropped-Logo_Chor-3-300x300.png 300w, https:\/\/valentinsaenger.de\/wp-content\/uploads\/2024\/09\/cropped-Logo_Chor-3-150x150.png 150w, https:\/\/valentinsaenger.de\/wp-content\/uploads\/2024\/09\/cropped-Logo_Chor-3-100x100.png 100w, https:\/\/valentinsaenger.de\/wp-content\/uploads\/2024\/09\/cropped-Logo_Chor-3-270x270.png 270w, https:\/\/valentinsaenger.de\/wp-content\/uploads\/2024\/09\/cropped-Logo_Chor-3-192x192.png 192w, https:\/\/valentinsaenger.de\/wp-content\/uploads\/2024\/09\/cropped-Logo_Chor-3-180x180.png 180w, https:\/\/valentinsaenger.de\/wp-content\/uploads\/2024\/09\/cropped-Logo_Chor-3-32x32.png 32w\" sizes=\"auto, 100vw\" \/><\/a><\/div>\n\n\n<p>Das Repertoire ist eine bunte Palette von allem, was Spa\u00df macht: Neben bekannten Rock- und Popsongs wie <em>I feel good<\/em> oder<em> Viva La Vida<\/em> singen wir auch Lieder aus dem Musical-Genre wie z.B. <em>Dir geh\u00f6rt mein Herz<\/em>. Klassische Volkslieder oder<em> <\/em>Gospelst\u00fccke fehlen ebensowenig wie Chor\u00e4le oder ein Weihnachtsprogramm.<\/p>\n\n\n\n<p>Die Arrangements stammen zum gro\u00dfen Teil von unserem Chorleiter Martin Schurig und sind auf den&nbsp; Chor optimal zugeschnitten. Die St\u00fccke sind drei- bis vierstimmig gesetzt.&nbsp;<\/p>\n\n\n\n<p>Interesse, mitzusingen? Dann melde dich doch einfach mal bei <a href=\"https:\/\/valentinsaenger.de\/?page_id=11\" data-type=\"page\" data-id=\"11\">uns<\/a>!<\/p>\n","protected":false},"excerpt":{"rendered":"<p>als Lehrer*innen- und Elternchor der Valentin-Senger-Schule in Frankfurt Bornheim gestartet, hat sich der Chor mittlerweile allen ge\u00f6ffnet, die gerne singen. Derzeit z\u00e4hlt er 25 Mitglieder. Zur Er\u00f6ffnung des Platzes an der Friedberger Warte am 22. August 2017 gab der Chor sein Debut und tritt seitdem regelm\u00e4\u00dfig im Raum Frankfurt auf.&nbsp; Das Repertoire ist eine bunte &hellip; <\/p>\n<p class=\"link-more\"><a href=\"https:\/\/valentinsaenger.de\/\" class=\"more-link\"><span class=\"screen-reader-text\">\u201eDie Valentin S\u00e4nger\u201c <\/span>weiterlesen<\/a><\/p>\n","protected":false},"author":1,"featured_media":0,"parent":0,"menu_order":0,"comment_status":"closed","ping_status":"closed","template":"","meta":{"footnotes":""},"class_list":["post-9","page","type-page","status-publish","hentry"],"jetpack_sharing_enabled":true,"_links":{"self":[{"href":"https:\/\/valentinsaenger.de\/index.php?rest_route=\/wp\/v2\/pages\/9","targetHints":{"allow":["GET"]}}],"collection":[{"href":"https:\/\/valentinsaenger.de\/index.php?rest_route=\/wp\/v2\/pages"}],"about":[{"href":"https:\/\/valentinsaenger.de\/index.php?rest_route=\/wp\/v2\/types\/page"}],"author":[{"embeddable":true,"href":"https:\/\/valentinsaenger.de\/index.php?rest_route=\/wp\/v2\/users\/1"}],"replies":[{"embeddable":true,"href":"https:\/\/valentinsaenger.de\/index.php?rest_route=%2Fwp%2Fv2%2Fcomments&post=9"}],"version-history":[{"count":20,"href":"https:\/\/valentinsaenger.de\/index.php?rest_route=\/wp\/v2\/pages\/9\/revisions"}],"predecessor-version":[{"id":5305,"href":"https:\/\/valentinsaenger.de\/index.php?rest_route=\/wp\/v2\/pages\/9\/revisions\/5305"}],"wp:attachment":[{"href":"https:\/\/valentinsaenger.de\/index.php?rest_route=%2Fwp%2Fv2%2Fmedia&parent=9"}],"curies":[{"name":"wp","href":"https:\/\/api.w.org\/{rel}","templated":true}]}}